{"id":17,"date":"2012-04-24T08:45:24","date_gmt":"2012-04-24T08:45:24","guid":{"rendered":"http:\/\/kolping-theater.de\/wordpress\/?page_id=17"},"modified":"2023-10-31T10:37:00","modified_gmt":"2023-10-31T08:37:00","slug":"contacts","status":"publish","type":"page","link":"https:\/\/kolping-theater.de\/wordpress\/contacts\/","title":{"rendered":"Ort und Kontakt"},"content":{"rendered":"<p><strong><span style=\"color: #ffff00;\">Buchungsanfragen (Name, Wunschtermin und ca.Platz angeben)<\/span><span style=\"color: #ff0000;\"><u>bitte erst ab Dez. 2024!!!<\/u><\/span> per Email an:<\/strong><br \/>\n<a href=\"mailto:buchung@kolping-theater.de?subject=Platzanfrage&amp;body=Name:%0D%0AWunschtermin:%0D%0APlatznummern:%0D%0A%0D%0A%0D%0AWir%20werden%20versuchen,%20Ihren%20Wunsch%20zu%20erf\u00fcllen,%20jedoch%20k\u00f6nnen%20die%20Wunschpl\u00e4tze%20evtl.%20bis%20Erhalt%20der%20Mail%20schon%20vergeben%20sein.%0D%0AIn%20diesem%20Fall%20werden%20wir%20die%20n\u00e4chst%20besten%20Pl\u00e4tze%20vorschlagen...\">buchung@kolping-theater.de<\/a> \u00a0\u00a0\u00a0(bitte einfach links auf die Emailadresse klicken)<\/p>\n<p><strong><span style=\"color: #ffff00;\">Sonstige Fragen per Mail an<\/span><\/strong><br \/>\n<a href=\"mailto:regie@kolping-theater.de?subject=Sonstige Frage\">regie@kolping-theater.de<\/a> \u00a0\u00a0\u00a0(bitte einfach links auf die Emailadresse klicken)<\/p>\n<p>So finden Sie uns<\/p>\n<p><iframe loading=\"lazy\" src=\"https:\/\/maps.google.de\/maps?f=q&amp;source=s_q&amp;hl=de&amp;geocode=&amp;q=Klosterhof,+Bad+Waldsee&amp;aq=0&amp;oq=Kloster&amp;sll=47.920311,9.752898&amp;sspn=0.01182,0.022445&amp;ie=UTF8&amp;hq=&amp;hnear=Klosterhof,+88339+Bad+Waldsee&amp;t=h&amp;ll=47.921217,9.752576&amp;spn=0.003451,0.006866&amp;z=17&amp;output=embed\" width=\"640\" height=\"480\" frameborder=\"0\" marginwidth=\"0\" marginheight=\"0\" scrolling=\"no\"><\/iframe><br \/>\n<small><a style=\"color: #00ffff; text-align: left;\" href=\"https:\/\/maps.google.de\/maps?f=q&amp;source=embed&amp;hl=de&amp;geocode=&amp;q=Klosterhof,+Bad+Waldsee&amp;aq=0&amp;oq=Kloster&amp;sll=47.920311,9.752898&amp;sspn=0.01182,0.022445&amp;ie=UTF8&amp;hq=&amp;hnear=Klosterhof,+88339+Bad+Waldsee&amp;t=h&amp;ll=47.921217,9.752576&amp;spn=0.003451,0.006866&amp;z=17\">Gr\u00f6\u00dfere Kartenansicht<\/a><\/small><\/p>\n<p><strong><span style=\"color: #ffffff;\">Bitte Parkplatz &#8218;Bleiche'(siehe im Bild unten Mitte) verwenden!<\/span><\/strong><\/p>\n","protected":false},"excerpt":{"rendered":"<p>Buchungsanfragen (Name, Wunschtermin und ca.Platz angeben)bitte erst ab Dez. 2024!!! per Email an: buchung@kolping-theater.de \u00a0\u00a0\u00a0(bitte einfach links auf die Emailadresse klicken) Sonstige Fragen per Mail an regie@kolping-theater.de \u00a0\u00a0\u00a0(bitte einfach links auf die Emailadresse klicken) So finden Sie uns Gr\u00f6\u00dfere Kartenansicht Bitte Parkplatz &#8218;Bleiche'(siehe im Bild unten Mitte) verwenden!<\/p>\n","protected":false},"author":1,"featured_media":0,"parent":0,"menu_order":0,"comment_status":"closed","ping_status":"open","template":"page-fullwidth.php","meta":{"footnotes":""},"_links":{"self":[{"href":"https:\/\/kolping-theater.de\/wordpress\/wp-json\/wp\/v2\/pages\/17"}],"collection":[{"href":"https:\/\/kolping-theater.de\/wordpress\/wp-json\/wp\/v2\/pages"}],"about":[{"href":"https:\/\/kolping-theater.de\/wordpress\/wp-json\/wp\/v2\/types\/page"}],"author":[{"embeddable":true,"href":"https:\/\/kolping-theater.de\/wordpress\/wp-json\/wp\/v2\/users\/1"}],"replies":[{"embeddable":true,"href":"https:\/\/kolping-theater.de\/wordpress\/wp-json\/wp\/v2\/comments?post=17"}],"version-history":[{"count":57,"href":"https:\/\/kolping-theater.de\/wordpress\/wp-json\/wp\/v2\/pages\/17\/revisions"}],"predecessor-version":[{"id":1195,"href":"https:\/\/kolping-theater.de\/wordpress\/wp-json\/wp\/v2\/pages\/17\/revisions\/1195"}],"wp:attachment":[{"href":"https:\/\/kolping-theater.de\/wordpress\/wp-json\/wp\/v2\/media?parent=17"}],"curies":[{"name":"wp","href":"https:\/\/api.w.org\/{rel}","templated":true}]}}