{"id":9,"date":"2012-04-24T08:44:35","date_gmt":"2012-04-24T08:44:35","guid":{"rendered":"http:\/\/kolping-theater.de\/wordpress\/?page_id=9"},"modified":"2016-12-05T19:13:28","modified_gmt":"2016-12-05T17:13:28","slug":"about","status":"publish","type":"page","link":"https:\/\/kolping-theater.de\/wordpress\/about\/","title":{"rendered":"About"},"content":{"rendered":"<p>[grid_4 alpha]<\/p>\n<h2>Die Gruppe<\/h2>\n<p style=\"text-align: center;\"><a href=\"http:\/\/kolping-theater.de\/wordpress\/wp-content\/uploads\/2012\/04\/1_Gruppe2013_900x600.jpg\"><img decoding=\"async\" loading=\"lazy\" class=\" wp-image-364 aligncenter\" src=\"http:\/\/kolping-theater.de\/wordpress\/wp-content\/uploads\/2012\/04\/1_Gruppe2013_900x600.jpg\" alt=\"1_Gruppe2013_900x600\" width=\"263\" height=\"175\" srcset=\"https:\/\/kolping-theater.de\/wordpress\/wp-content\/uploads\/2012\/04\/1_Gruppe2013_900x600.jpg 900w, https:\/\/kolping-theater.de\/wordpress\/wp-content\/uploads\/2012\/04\/1_Gruppe2013_900x600-300x200.jpg 300w\" sizes=\"(max-width: 263px) 100vw, 263px\" \/><\/a><\/p>\n<p style=\"text-align: left;\">Die Inszenierungen der Gruppe geh\u00f6ren seit Jahren zum Stadtbild und ein Besuch des \u201cKolping-Theaters\u201d ist f\u00fcr viele Bad Waldseer einfach ein \u201cMUSS\u201d.<\/p>\n<p style=\"text-align: center;\"><a title=\"MEHR\" href=\"http:\/\/kolping-theater.de\/wordpress\/zur-gruppe\/die-gruppe\/\">MEHR<\/a><\/p>\n<p>[\/grid_4] [grid_4]<\/p>\n<h2>Auff\u00fchrungen<\/h2>\n<p style=\"text-align: center;\"><a href=\"http:\/\/kolping-theater.de\/wordpress\/wp-content\/uploads\/2012\/04\/eisb21.jpg\"><img decoding=\"async\" loading=\"lazy\" class=\" wp-image-496 aligncenter\" src=\"http:\/\/kolping-theater.de\/wordpress\/wp-content\/uploads\/2012\/04\/eisb21.jpg\" alt=\"eisb2[1]\" width=\"259\" height=\"176\" srcset=\"https:\/\/kolping-theater.de\/wordpress\/wp-content\/uploads\/2012\/04\/eisb21.jpg 800w, https:\/\/kolping-theater.de\/wordpress\/wp-content\/uploads\/2012\/04\/eisb21-300x204.jpg 300w\" sizes=\"(max-width: 259px) 100vw, 259px\" \/><\/a><\/p>\n<p style=\"text-align: left;\">Wer gerne noch einmal in Bildern, Geschichten und Programmheften der vergangenen Jahre schm\u00f6kern will hat \u00fcber unsere Chronik Zugriff auf eine Vielfalt an Material.<\/p>\n<p style=\"text-align: center;\"><a title=\"MEHR\" href=\"http:\/\/kolping-theater.de\/wordpress\/chronik\/\">MEHR<\/a><\/p>\n<p>&nbsp;<\/p>\n<p>[\/grid_4] [grid_4 omega]<\/p>\n<h2>Pleiten, Pech und Pannen<a href=\"http:\/\/kolping-theater.de\/wordpress\/wp-content\/uploads\/2012\/04\/Spinne1-e1380481327605.jpg\"><img decoding=\"async\" loading=\"lazy\" class=\"size-full wp-image-510 aligncenter\" src=\"http:\/\/kolping-theater.de\/wordpress\/wp-content\/uploads\/2012\/04\/Spinne1-e1380481327605.jpg\" alt=\"Spinne[1]\" width=\"250\" height=\"161\" \/><\/a><\/h2>\n<p>Bei einer Theaterauff\u00fchrung und auch schon bei den Proben kann so einiges schiefgehen. Wenn dann noch manche &#8222;lieben Kollegen&#8220; dazuhelfen, dann wird es recht spannend&#8230; Hier m\u00f6chten wir einen Blick hinter die Kulissen erlauben.<\/p>\n<p style=\"text-align: center;\"><a title=\"MEHR\" href=\"http:\/\/kolping-theater.de\/wordpress\/pleiten\">MEHR<\/a><\/p>\n<p>[\/grid_4] [clear] [hr]<\/p>\n<h2>Das Team<\/h2>\n<p style=\"text-align: left;\">[recent_posts num=&#8220;4&#8243; type=&#8220;portfolio&#8220; meta=&#8220;false&#8220; thumb=&#8220;true&#8220; thumb_size=&#8220;small-post-thumbnail&#8220; excerpt_count=&#8220;35&#8243; custom_class=&#8220;team&#8220;]<\/p>\n<p style=\"text-align: left;\"><a title=\"Mehr\" href=\"http:\/\/kolping-theater.de\/wordpress\/gallery\/das-team\/\">MEHR<\/a><\/p>\n<p style=\"text-align: left;\">[hr]<\/p>\n<h2>Partner<\/h2>\n<p>[recent_posts num=&#8220;5&#8243; type=&#8220;clients&#8220; meta=&#8220;false&#8220; thumb=&#8220;true&#8220; custom_class=&#8220;clients&#8220;]<\/p>\n<h6><strong>REISEB\u00dcRO\u00a0M\u00dcLLER GMBH<br \/>\n<\/strong>IHR PARTNER F\u00dcR FLUG-, SCHIFF-, BAHN- UND BUS-REISEN<br \/>\nEin Reiseb\u00fcro, das uns sehr verbunden ist und das wir bedingungslos empfehlen k\u00f6nnen\u2026<br \/>\n<a href=\"http:\/\/www.reisebuero-mueller.de\">zur Homepage des Reiseb\u00fcro M\u00fcller<\/a><\/h6>\n","protected":false},"excerpt":{"rendered":"<p>[grid_4 alpha] Die Gruppe Die Inszenierungen der Gruppe geh\u00f6ren seit Jahren zum Stadtbild und ein Besuch des \u201cKolping-Theaters\u201d ist f\u00fcr viele Bad Waldseer einfach ein \u201cMUSS\u201d. MEHR [\/grid_4] [grid_4] Auff\u00fchrungen Wer gerne noch einmal in Bildern, Geschichten und Programmheften der vergangenen Jahre schm\u00f6kern will hat \u00fcber unsere Chronik Zugriff auf eine Vielfalt an Material. MEHR &hellip; <\/p>\n<p class=\"link-more\"><a href=\"https:\/\/kolping-theater.de\/wordpress\/about\/\" class=\"more-link\">Continue reading<span class=\"screen-reader-text\"> &#8222;About&#8220;<\/span><\/a><\/p>\n","protected":false},"author":1,"featured_media":0,"parent":0,"menu_order":0,"comment_status":"open","ping_status":"open","template":"page-fullwidth.php","meta":{"footnotes":""},"_links":{"self":[{"href":"https:\/\/kolping-theater.de\/wordpress\/wp-json\/wp\/v2\/pages\/9"}],"collection":[{"href":"https:\/\/kolping-theater.de\/wordpress\/wp-json\/wp\/v2\/pages"}],"about":[{"href":"https:\/\/kolping-theater.de\/wordpress\/wp-json\/wp\/v2\/types\/page"}],"author":[{"embeddable":true,"href":"https:\/\/kolping-theater.de\/wordpress\/wp-json\/wp\/v2\/users\/1"}],"replies":[{"embeddable":true,"href":"https:\/\/kolping-theater.de\/wordpress\/wp-json\/wp\/v2\/comments?post=9"}],"version-history":[{"count":64,"href":"https:\/\/kolping-theater.de\/wordpress\/wp-json\/wp\/v2\/pages\/9\/revisions"}],"predecessor-version":[{"id":925,"href":"https:\/\/kolping-theater.de\/wordpress\/wp-json\/wp\/v2\/pages\/9\/revisions\/925"}],"wp:attachment":[{"href":"https:\/\/kolping-theater.de\/wordpress\/wp-json\/wp\/v2\/media?parent=9"}],"curies":[{"name":"wp","href":"https:\/\/api.w.org\/{rel}","templated":true}]}}